{"id":280,"date":"2019-06-15T06:59:49","date_gmt":"2019-06-15T06:59:49","guid":{"rendered":"http:\/\/kaffe-guezel.de\/?page_id=280"},"modified":"2025-11-12T22:20:39","modified_gmt":"2025-11-12T22:20:39","slug":"start","status":"publish","type":"page","link":"https:\/\/kaffe-guezel.de\/","title":{"rendered":"Start"},"content":{"rendered":"<p>[et_pb_section fb_built=&#8221;1&#8243; _builder_version=&#8221;4.16&#8243; global_colors_info=&#8221;{}&#8221;][et_pb_row column_structure=&#8221;1_2,1_2&#8243; _builder_version=&#8221;4.16&#8243; global_colors_info=&#8221;{}&#8221;][et_pb_column type=&#8221;1_2&#8243; _builder_version=&#8221;4.16&#8243; custom_padding=&#8221;|||&#8221; global_colors_info=&#8221;{}&#8221; custom_padding__hover=&#8221;|||&#8221;][et_pb_image src=&#8221;https:\/\/kaffe-guezel.de\/wp-content\/uploads\/2019\/06\/G\u00fczel-Wal-Vektor.png&#8221; _builder_version=&#8221;4.16&#8243; width=&#8221;82.1%&#8221; module_alignment=&#8221;center&#8221; global_colors_info=&#8221;{}&#8221;][\/et_pb_image][\/et_pb_column][et_pb_column type=&#8221;1_2&#8243; _builder_version=&#8221;4.16&#8243; custom_padding=&#8221;|||&#8221; global_colors_info=&#8221;{}&#8221; custom_padding__hover=&#8221;|||&#8221;][et_pb_text _builder_version=&#8221;4.17.6&#8243; text_font=&#8221;Dosis||||||||&#8221; header_font=&#8221;Advent Pro|500|||||||&#8221; custom_padding=&#8221;10px|||||&#8221; global_colors_info=&#8221;{}&#8221;]<\/p>\n<h1>\u00a0Willkommen im Kaffe G\u00fczel<\/h1>\n<p>Wander- und Freiwilligencaf\u00e9, ein f\u00fcr alle Menschen offener Ort der Begegnung, eine Community zum Wohlf\u00fchlen &#8211; zur Kreation der \u201eG\u00fczelschaft\u201c, der sch\u00f6nen, guten, von Liebe erf\u00fcllten Gesellschaft.<\/p>\n<p><strong>Spendenkonto:<\/strong><strong><\/strong><\/p>\n<p><strong>G\u00fczelschaft e.V.<\/strong><\/p>\n<p><strong>DE 35 4306 0967 1180 5189 00<\/strong><br \/><strong><\/strong><\/p>\n<p><strong>GLS Bank<\/strong><\/p>\n<p><strong><\/strong><\/p>\n<p>[\/et_pb_text][\/et_pb_column][\/et_pb_row][et_pb_row column_structure=&#8221;1_2,1_2&#8243; use_custom_gutter=&#8221;on&#8221; make_equal=&#8221;on&#8221; admin_label=&#8221;Footer Row&#8221; module_class=&#8221; et_pb_row_fullwidth&#8221; _builder_version=&#8221;4.16&#8243; width=&#8221;100%&#8221; width_tablet=&#8221;100%&#8221; width_phone=&#8221;&#8221; width_last_edited=&#8221;on|desktop&#8221; max_width=&#8221;100%&#8221; max_width_tablet=&#8221;100%&#8221; max_width_phone=&#8221;&#8221; max_width_last_edited=&#8221;on|desktop&#8221; custom_margin=&#8221;|||&#8221; custom_padding=&#8221;0px|0px|0px|0px&#8221; animation_style=&#8221;fade&#8221; make_fullwidth=&#8221;on&#8221; global_colors_info=&#8221;{}&#8221;][et_pb_column type=&#8221;1_2&#8243; _builder_version=&#8221;4.16&#8243; background_color=&#8221;#e59d50&#8243; custom_padding=&#8221;100px|10%|100px|10%&#8221; custom_padding_tablet=&#8221;100px|10%|100px|10%&#8221; custom_padding_phone=&#8221;100px|10%|100px|10%&#8221; custom_padding_last_edited=&#8221;on|phone&#8221; global_colors_info=&#8221;{}&#8221; custom_padding__hover=&#8221;|||&#8221;][et_pb_text admin_label=&#8221;Tittle&#8221; _builder_version=&#8221;4.16&#8243; text_font=&#8221;Oswald||||&#8221; link_font=&#8221;||||||||&#8221; ul_font=&#8221;||||||||&#8221; ol_font=&#8221;||||||||&#8221; quote_font=&#8221;||||||||&#8221; header_font=&#8221;||||||||&#8221; header_2_font=&#8221;Oswald|||on|||||&#8221; header_2_text_align=&#8221;left&#8221; header_2_font_size=&#8221;40px&#8221; header_4_text_color=&#8221;#fffdf9&#8243; background_layout=&#8221;dark&#8221; custom_margin=&#8221;||4%|&#8221; locked=&#8221;off&#8221; global_colors_info=&#8221;{}&#8221;]<\/p>\n<h2>\u00dcber uns<\/h2>\n<p>[\/et_pb_text][et_pb_text admin_label=&#8221;Texts&#8221; _builder_version=&#8221;4.16&#8243; text_font=&#8221;Nunito||||&#8221; text_font_size=&#8221;16px&#8221; header_font=&#8221;Oswald|||on|&#8221; header_text_color=&#8221;#f3a1a8&#8243; header_font_size=&#8221;16px&#8221; header_4_font=&#8221;Oswald|||on|||||&#8221; header_4_text_color=&#8221;#fffdf9&#8243; header_4_font_size=&#8221;16px&#8221; background_layout=&#8221;dark&#8221; custom_margin=&#8221;||6%|&#8221; locked=&#8221;off&#8221; global_colors_info=&#8221;{}&#8221;]<\/p>\n<p>Als Projekt des G\u00fczelschaft e.V. war das Kaffe G\u00fczel bisher ein Wandercaf\u00e9: Ein wandelnder Ort, den Menschen ehrenamtlich mitgestalten und bespielen. Wir unterst\u00fctzen Festivals, politische Feste und Kulturveranstaltungen mit einem entschleunigten Ort f\u00fcr Begegnungen und Genuss.<br \/>Mit Liebe f\u00fcr guten Kaffee und g\u00fczellige Begegnungen bewegt sich das Projekt in einer politisch-hedonistischen Gemengelage \u2013 irgendwo zwischen Aktivismus, Gemeinschaft und Genuss.<\/p>\n<p>Seit dem 04.09.2025 steht fest: Wir haben ein neues Zuhause!<br \/>Als Teil des Initiativkreises Otto-Langen Quartier werden wir gemeinsam mit zw\u00f6lf weiteren K\u00f6lner Initiativen, die sich zwischen Kunst, Kultur, Nachhaltigkeit und Bildung verorten, die alten Geb\u00e4ude der KHD Verwaltung an der Deutz-M\u00fclheimer Stra\u00dfe wiederbeleben. Da das Geb\u00e4ude einer Sanierung bedarf, dessen Terminierung noch nicht feststeht, k\u00f6nnen wir noch kein genaues Einzugsdatum festlegen. Wir halten dich aber auf dem Laufenden.<\/p>\n<p>Das Kaffe G\u00fczel wird an diesem neuen Kulturort f\u00fcr die Verpflegung sorgen \u2013 aber auch ein Ort zum gem\u00fctlichen Verweilen sein. Dar\u00fcber hinaus m\u00f6chten wir eigene Projekte und Veranstaltungen umsetzen, die Raum f\u00fcr Austausch, Kreativit\u00e4t und gemeinsames Gestalten schaffen.<\/p>\n<p>Du bist herzlich eingeladen, dazu zu sto\u00dfen und das Projekt zu unterst\u00fctzen und weiter mit zu entwickeln &#8211; melde dich einfach per Mail oder auf Instagram.<\/p>\n<p>[\/et_pb_text][\/et_pb_column][et_pb_column type=&#8221;1_2&#8243; _builder_version=&#8221;4.16&#8243; background_color=&#8221;#5bb6c7&#8243; custom_padding=&#8221;100px|10%|100px|10%&#8221; global_colors_info=&#8221;{}&#8221; custom_padding__hover=&#8221;|||&#8221;][et_pb_text admin_label=&#8221;Texts&#8221; _builder_version=&#8221;4.16&#8243; text_font=&#8221;Oswald||||&#8221; link_font=&#8221;||||||||&#8221; ul_font=&#8221;||||||||&#8221; ol_font=&#8221;||||||||&#8221; quote_font=&#8221;||||||||&#8221; header_font=&#8221;||||||||&#8221; header_2_font=&#8221;Oswald|||on|||||&#8221; header_2_text_align=&#8221;left&#8221; header_2_font_size=&#8221;40px&#8221; header_4_text_color=&#8221;#fffdf9&#8243; background_layout=&#8221;dark&#8221; min_height=&#8221;98px&#8221; custom_margin=&#8221;-38px||4%|||&#8221; custom_padding=&#8221;0px||0px|||&#8221; locked=&#8221;off&#8221; global_colors_info=&#8221;{}&#8221;]<\/p>\n<h4>\u00a0<\/h4>\n<h2>Kontakt<\/h2>\n<p>[\/et_pb_text][et_pb_text admin_label=&#8221;Texts&#8221; _builder_version=&#8221;4.17.6&#8243; text_font=&#8221;Nunito||||||||&#8221; text_font_size=&#8221;16px&#8221; header_font=&#8221;Oswald|||on|&#8221; header_text_color=&#8221;#DCA57D&#8221; header_font_size=&#8221;16px&#8221; header_4_font=&#8221;Oswald|||on|||||&#8221; header_4_text_color=&#8221;#fffdf9&#8243; header_4_font_size=&#8221;16px&#8221; background_layout=&#8221;dark&#8221; min_height=&#8221;107px&#8221; custom_margin=&#8221;||0.8%|||&#8221; custom_padding=&#8221;||12px|||&#8221; locked=&#8221;off&#8221; global_colors_info=&#8221;{}&#8221;]<\/p>\n<h4>Mail<\/h4>\n<div class=\"_5aj7 _3-8j\">\n<div class=\"_4bl9\">\n<div class=\"_50f4\">Allgemein:<a href=\"mailto:info@kaffe-guezel.de\"> info@kaffe-guezel.de<\/a><br \/>Freiwilligenlust: <a href=\"mailto:volunteer@kaffe-guezel.de\">volunteer@kaffe-guezel.de<\/a><\/div>\n<div class=\"_50f4\"><\/div>\n<div class=\"_50f4\"><\/div>\n<div class=\"_50f4\">Programmideen: <a href=\"mailto:event@kaffe-guezel.de\">event@kaffe-guezel.de\u00a0<\/a><\/div>\n<div class=\"_50f4\"><\/div>\n<div class=\"_50f4\"><\/div>\n<div class=\"_50f4\"><\/div>\n<div class=\"_50f4\"><\/div>\n<div class=\"_50f4\"><\/div>\n<div class=\"_50f4\"><\/div>\n<div class=\"_50f4\"><\/div>\n<div class=\"_50f4\"><\/div>\n<div class=\"_50f4\"><\/div>\n<div class=\"_50f4\"><\/div>\n<\/div>\n<div class=\"_4bl7 _3-99\"><\/div>\n<\/div>\n<p>[\/et_pb_text][et_pb_text _builder_version=&#8221;4.17.6&#8243; _module_preset=&#8221;default&#8221; global_colors_info=&#8221;{}&#8221;]<\/p>\n<h4><span style=\"font-family: inherit; font-weight: normal; font-size: medium; color: #fffdf9;\">SOCIAL MEDIA<\/span><\/h4>\n<h4><span style=\"font-family: inherit; font-weight: normal; font-size: medium; color: #fffdf9;\">Instagram: kaffe_guezel<\/span><\/h4>\n<p>[\/et_pb_text][et_pb_text admin_label=&#8221;Texts&#8221; _builder_version=&#8221;4.16&#8243; text_font=&#8221;Nunito||||&#8221; text_font_size=&#8221;16px&#8221; header_font=&#8221;Oswald|||on|&#8221; header_text_color=&#8221;#DCA57D&#8221; header_font_size=&#8221;16px&#8221; header_letter_spacing=&#8221;1px&#8221; header_4_font=&#8221;Oswald|||on|||||&#8221; header_4_text_color=&#8221;#fffdf9&#8243; header_4_font_size=&#8221;16px&#8221; background_layout=&#8221;dark&#8221; custom_margin=&#8221;17px||6%|||&#8221; locked=&#8221;off&#8221; global_colors_info=&#8221;{}&#8221;]<\/p>\n<h4>AddressE<\/h4>\n<div>Aktuell auf der Suche nach einem Raum<\/div>\n<div>Vereinsanschrift siehe Impressum<\/div>\n<div><\/div>\n<div><\/div>\n<div><\/div>\n<div><\/div>\n<p>[\/et_pb_text][\/et_pb_column][\/et_pb_row][\/et_pb_section][et_pb_section fb_built=&#8221;1&#8243; admin_label=&#8221;Footer&#8221; _builder_version=&#8221;4.16&#8243; background_color_gradient_direction=&#8221;90deg&#8221; parallax=&#8221;on&#8221; custom_padding=&#8221;0px|0px|0px|0px&#8221; saved_tabs=&#8221;all&#8221; locked=&#8221;off&#8221; global_colors_info=&#8221;{}&#8221;][\/et_pb_section]<\/p>\n","protected":false},"excerpt":{"rendered":"<p>\u00a0Willkommen im Kaffe G\u00fczel Wander- und Freiwilligencaf\u00e9, ein f\u00fcr alle Menschen offener Ort der Begegnung, eine Community zum Wohlf\u00fchlen &#8211; zur Kreation der \u201eG\u00fczelschaft\u201c, der sch\u00f6nen, guten, von Liebe erf\u00fcllten Gesellschaft. Spendenkonto: G\u00fczelschaft e.V. DE 35 4306 0967 1180 5189 00 GLS Bank \u00dcber unsAls Projekt des G\u00fczelschaft e.V. war das Kaffe G\u00fczel bisher ein [&hellip;]<\/p>\n","protected":false},"author":1,"featured_media":0,"parent":0,"menu_order":0,"comment_status":"closed","ping_status":"closed","template":"","meta":{"_et_pb_use_builder":"on","_et_pb_old_content":"","_et_gb_content_width":"","footnotes":""},"class_list":["post-280","page","type-page","status-publish","hentry"],"_links":{"self":[{"href":"https:\/\/kaffe-guezel.de\/index.php?rest_route=\/wp\/v2\/pages\/280","targetHints":{"allow":["GET"]}}],"collection":[{"href":"https:\/\/kaffe-guezel.de\/index.php?rest_route=\/wp\/v2\/pages"}],"about":[{"href":"https:\/\/kaffe-guezel.de\/index.php?rest_route=\/wp\/v2\/types\/page"}],"author":[{"embeddable":true,"href":"https:\/\/kaffe-guezel.de\/index.php?rest_route=\/wp\/v2\/users\/1"}],"replies":[{"embeddable":true,"href":"https:\/\/kaffe-guezel.de\/index.php?rest_route=%2Fwp%2Fv2%2Fcomments&post=280"}],"version-history":[{"count":92,"href":"https:\/\/kaffe-guezel.de\/index.php?rest_route=\/wp\/v2\/pages\/280\/revisions"}],"predecessor-version":[{"id":928,"href":"https:\/\/kaffe-guezel.de\/index.php?rest_route=\/wp\/v2\/pages\/280\/revisions\/928"}],"wp:attachment":[{"href":"https:\/\/kaffe-guezel.de\/index.php?rest_route=%2Fwp%2Fv2%2Fmedia&parent=280"}],"curies":[{"name":"wp","href":"https:\/\/api.w.org\/{rel}","templated":true}]}}