{"id":248,"date":"2019-05-22T08:15:40","date_gmt":"2019-05-22T08:15:40","guid":{"rendered":"http:\/\/kaffe-guezel.de\/?page_id=248"},"modified":"2020-10-14T10:01:58","modified_gmt":"2020-10-14T10:01:58","slug":"foerdermitgliedschaft","status":"publish","type":"page","link":"https:\/\/kaffe-guezel.de\/?page_id=248","title":{"rendered":"F\u00f6rdermitgliedschaft"},"content":{"rendered":"\n<p>Du m\u00f6chtest uns regelm\u00e4\u00dfig mit einem Betrag deiner Wahl unterst\u00fctzen? Und vielleicht sogar offizieller Teil der G\u00fczelschaft werden? <\/p>\n\n\n\n<p>Dann ist die F\u00f6rdermitgliedschaft die richtige Wahl. <\/p>\n\n\n\n<p><strong>Wie das geht?<br><\/strong>Lade die PDF-Datei herunter, drucke sie aus und schicke uns eine Mail mit dem ausgef\u00fcllten Dokument. Sobald wir wieder an einem Standort er\u00f6ffnen, kannst Du auch gerne dort vorbei kommen und uns das Dokument pers\u00f6nlich \u00fcberreichen. <br>Wir werden alles Weitere in die Wege leiten und schon bist du offizielle*r Unterst\u00fctzer*in des G\u00fczels! <br>Wenn du dich au\u00dferdem dazu entschieden hast, offizielles Mitglied zu werden, \u00fcberreichen wir Dir  Deinen pers\u00f6nlichen Mitgliedsausweis.<\/p>\n\n\n\n<p><strong>Der Link zur PDF-Datei:<\/strong><\/p>\n\n\n\n<p><a href=\"https:\/\/kaffe-guezel.de\/wp-content\/uploads\/2020\/09\/Lastschrift-Mitgliedschaft-G\u00fczel.pdf\">https:\/\/kaffe-guezel.de\/wp-content\/uploads\/2020\/09\/Lastschrift-Mitgliedschaft-G\u00fczel.pdf<\/a><\/p>\n","protected":false},"excerpt":{"rendered":"<p>Du m\u00f6chtest uns regelm\u00e4\u00dfig mit einem Betrag deiner Wahl unterst\u00fctzen? Und vielleicht sogar offizieller Teil der G\u00fczelschaft werden? Dann ist die F\u00f6rdermitgliedschaft die richtige Wahl. Wie das geht?Lade die PDF-Datei herunter, drucke sie aus und schicke uns eine Mail mit dem ausgef\u00fcllten Dokument. Sobald wir wieder an einem Standort er\u00f6ffnen, kannst Du auch gerne dort [&hellip;]<\/p>\n","protected":false},"author":1,"featured_media":0,"parent":205,"menu_order":0,"comment_status":"closed","ping_status":"closed","template":"","meta":{"_et_pb_use_builder":"","_et_pb_old_content":"","_et_gb_content_width":"","footnotes":""},"class_list":["post-248","page","type-page","status-publish","hentry"],"_links":{"self":[{"href":"https:\/\/kaffe-guezel.de\/index.php?rest_route=\/wp\/v2\/pages\/248","targetHints":{"allow":["GET"]}}],"collection":[{"href":"https:\/\/kaffe-guezel.de\/index.php?rest_route=\/wp\/v2\/pages"}],"about":[{"href":"https:\/\/kaffe-guezel.de\/index.php?rest_route=\/wp\/v2\/types\/page"}],"author":[{"embeddable":true,"href":"https:\/\/kaffe-guezel.de\/index.php?rest_route=\/wp\/v2\/users\/1"}],"replies":[{"embeddable":true,"href":"https:\/\/kaffe-guezel.de\/index.php?rest_route=%2Fwp%2Fv2%2Fcomments&post=248"}],"version-history":[{"count":6,"href":"https:\/\/kaffe-guezel.de\/index.php?rest_route=\/wp\/v2\/pages\/248\/revisions"}],"predecessor-version":[{"id":865,"href":"https:\/\/kaffe-guezel.de\/index.php?rest_route=\/wp\/v2\/pages\/248\/revisions\/865"}],"up":[{"embeddable":true,"href":"https:\/\/kaffe-guezel.de\/index.php?rest_route=\/wp\/v2\/pages\/205"}],"wp:attachment":[{"href":"https:\/\/kaffe-guezel.de\/index.php?rest_route=%2Fwp%2Fv2%2Fmedia&parent=248"}],"curies":[{"name":"wp","href":"https:\/\/api.w.org\/{rel}","templated":true}]}}